{"id":11,"date":"2015-10-07T14:35:38","date_gmt":"2015-10-07T12:35:38","guid":{"rendered":"http:\/\/new.hafpark.se\/?page_id=11"},"modified":"2025-10-29T21:04:00","modified_gmt":"2025-10-29T20:04:00","slug":"11-2","status":"publish","type":"page","link":"https:\/\/hafpark.se\/?page_id=11&lang=sv","title":{"rendered":"Start"},"content":{"rendered":"\t\t<div data-elementor-type=\"wp-page\" data-elementor-id=\"11\" class=\"elementor elementor-11\">\n\t\t\t\t\t\t<section class=\"elementor-section elementor-top-section elementor-element elementor-element-a19e387 elementor-section-boxed elementor-section-height-default elementor-section-height-default\" data-id=\"a19e387\" data-element_type=\"section\" data-e-type=\"section\">\n\t\t\t\t\t\t<div class=\"elementor-container elementor-column-gap-default\">\n\t\t\t\t\t<div class=\"elementor-column elementor-col-100 elementor-top-column elementor-element elementor-element-7e3592d7\" data-id=\"7e3592d7\" data-element_type=\"column\" data-e-type=\"column\">\n\t\t\t<div class=\"elementor-widget-wrap elementor-element-populated\">\n\t\t\t\t\t\t<div class=\"elementor-element elementor-element-14242d59 elementor-widget elementor-widget-text-editor\" data-id=\"14242d59\" data-element_type=\"widget\" data-e-type=\"widget\" data-widget_type=\"text-editor.default\">\n\t\t\t\t<div class=\"elementor-widget-container\">\n\t\t\t\t\t\t\t\t\t<ul><li><\/li><\/ul><h2>\u00a0<\/h2><h2>\u00a0<\/h2><h2>Mycket mer \u00e4n lokaler.<\/h2><p><span style=\"color: #000000;\">L\u00e5t dina aff\u00e4rer blomstra i hj\u00e4rtat av Dalsland. I \u00c5sensbruk finns 36 000 kvadratmeter lokaler f\u00f6r kontor, verkstad, industri och lager. H\u00e4r v\u00e4xer nu H\u00e5frestr\u00f6ms F\u00f6retagspark fram och vi anpassar lokalerna f\u00f6r just era behov och \u00f6nskem\u00e5l.<\/span><\/p><p><span style=\"color: #000000;\">\u00a0<\/span><\/p><h4><span style=\"color: #000000;\">21,5 megawatt tillg\u00e4ngligt.\u00a0\u00a0<\/span><\/h4><p><span style=\"color: #000000;\">F\u00f6retag som kr\u00e4ver h\u00f6gsp\u00e4nning kommer med enkelhet kunna v\u00e4xa hos oss. Tack vare det gamla pappersbruket har vi en infrastruktur som g\u00f6r det m\u00f6jligt att leverera 21,5 megawatt och \u00e4ven tillg\u00e5ng till svartfiber &#8211; vill du veta mer? Tveka inte p\u00e5 att <a href=\"https:\/\/hafpark.se\/?page_id=35&amp;lang=sv\">kontakta oss<\/a>.\u00a0<\/span><\/p>\t\t\t\t\t\t\t\t<\/div>\n\t\t\t\t<\/div>\n\t\t\t\t\t<\/div>\n\t\t<\/div>\n\t\t\t\t\t<\/div>\n\t\t<\/section>\n\t\t\t\t<section class=\"elementor-section elementor-top-section elementor-element elementor-element-c2d14dd elementor-section-boxed elementor-section-height-default elementor-section-height-default\" data-id=\"c2d14dd\" data-element_type=\"section\" data-e-type=\"section\">\n\t\t\t\t\t\t<div class=\"elementor-container elementor-column-gap-default\">\n\t\t\t\t\t<div class=\"elementor-column elementor-col-100 elementor-top-column elementor-element elementor-element-e07cd53\" data-id=\"e07cd53\" data-element_type=\"column\" data-e-type=\"column\">\n\t\t\t<div class=\"elementor-widget-wrap elementor-element-populated\">\n\t\t\t\t\t\t<div class=\"elementor-element elementor-element-46c4521 elementor-widget elementor-widget-spacer\" data-id=\"46c4521\" data-element_type=\"widget\" data-e-type=\"widget\" data-widget_type=\"spacer.default\">\n\t\t\t\t<div class=\"elementor-widget-container\">\n\t\t\t\t\t\t\t<div class=\"elementor-spacer\">\n\t\t\t<div class=\"elementor-spacer-inner\"><\/div>\n\t\t<\/div>\n\t\t\t\t\t\t<\/div>\n\t\t\t\t<\/div>\n\t\t\t\t\t<\/div>\n\t\t<\/div>\n\t\t\t\t\t<\/div>\n\t\t<\/section>\n\t\t\t\t<section class=\"elementor-section elementor-top-section elementor-element elementor-element-e8a60d4 elementor-section-boxed elementor-section-height-default elementor-section-height-default\" data-id=\"e8a60d4\" data-element_type=\"section\" data-e-type=\"section\">\n\t\t\t\t\t\t<div class=\"elementor-container elementor-column-gap-default\">\n\t\t\t\t\t<div class=\"elementor-column elementor-col-50 elementor-top-column elementor-element elementor-element-59261a2\" data-id=\"59261a2\" data-element_type=\"column\" data-e-type=\"column\">\n\t\t\t<div class=\"elementor-widget-wrap elementor-element-populated\">\n\t\t\t\t\t\t<div class=\"elementor-element elementor-element-2688120 elementor-widget elementor-widget-image\" data-id=\"2688120\" data-element_type=\"widget\" data-e-type=\"widget\" data-widget_type=\"image.default\">\n\t\t\t\t<div class=\"elementor-widget-container\">\n\t\t\t\t\t\t\t\t\t\t\t\t\t\t\t<img fetchpriority=\"high\" decoding=\"async\" width=\"1024\" height=\"707\" src=\"https:\/\/hafpark.se\/wp-content\/uploads\/shutterstock_1396989893-1024x707.jpg\" class=\"attachment-large size-large wp-image-307\" alt=\"\" srcset=\"https:\/\/hafpark.se\/wp-content\/uploads\/shutterstock_1396989893-1024x707.jpg 1024w, https:\/\/hafpark.se\/wp-content\/uploads\/shutterstock_1396989893-300x207.jpg 300w, https:\/\/hafpark.se\/wp-content\/uploads\/shutterstock_1396989893-768x530.jpg 768w, https:\/\/hafpark.se\/wp-content\/uploads\/shutterstock_1396989893-1536x1061.jpg 1536w, https:\/\/hafpark.se\/wp-content\/uploads\/shutterstock_1396989893-2048x1414.jpg 2048w\" sizes=\"(max-width: 1024px) 100vw, 1024px\" \/>\t\t\t\t\t\t\t\t\t\t\t\t\t\t\t<\/div>\n\t\t\t\t<\/div>\n\t\t\t\t\t<\/div>\n\t\t<\/div>\n\t\t\t\t<div class=\"elementor-column elementor-col-50 elementor-top-column elementor-element elementor-element-adad430\" data-id=\"adad430\" data-element_type=\"column\" data-e-type=\"column\">\n\t\t\t<div class=\"elementor-widget-wrap elementor-element-populated\">\n\t\t\t\t\t\t<div class=\"elementor-element elementor-element-6942d73 elementor-widget elementor-widget-text-editor\" data-id=\"6942d73\" data-element_type=\"widget\" data-e-type=\"widget\" data-widget_type=\"text-editor.default\">\n\t\t\t\t<div class=\"elementor-widget-container\">\n\t\t\t\t\t\t\t\t\t<h2>V\u00e4x med v\u00e5rt st\u00f6d.<\/h2><p><span style=\"color: #000000;\">F\u00f6retagsparken v\u00e4lkomnar m\u00e5nga olika verksamheter. Lokalerna passar f\u00f6r bland annat tillverkning, kontor och IT-f\u00f6retag. Ytorna \u00e4r flexibla och vi kan antingen hitta lokaler f\u00f6r just ert f\u00f6retag eller anpassa dem f\u00f6r era behov.<\/span><\/p><p><span style=\"color: #000000;\">Hos oss kan ni v\u00e4xa och vidareutvecklas \u2013 var f\u00f6r sig och tillsammans med andra. Vi \u00e4r en annorlunda hyresv\u00e4rd som aktivt jobbar med samverkan och knyter samman f\u00f6retag med nya, goda id\u00e9er.<\/span><\/p><h2><span style=\"color: #000000;\">Vill du veta mer?<\/span><\/h2><p><span style=\"color: #000000;\">Kontakta oss <a href=\"https:\/\/hafpark.se\/?page_id=35&amp;lang=sv\">h\u00e4r<\/a><\/span><\/p><p>\u00a0<\/p>\t\t\t\t\t\t\t\t<\/div>\n\t\t\t\t<\/div>\n\t\t\t\t\t<\/div>\n\t\t<\/div>\n\t\t\t\t\t<\/div>\n\t\t<\/section>\n\t\t\t\t<\/div>\n\t\t","protected":false},"excerpt":{"rendered":"<p>\u00a0 \u00a0 Mycket mer \u00e4n lokaler. L\u00e5t dina aff\u00e4rer blomstra i hj\u00e4rtat av Dalsland. I \u00c5sensbruk finns 36 000 kvadratmeter lokaler f\u00f6r kontor, verkstad, industri och lager. H\u00e4r v\u00e4xer nu H\u00e5frestr\u00f6ms F\u00f6retagspark fram och vi anpassar lokalerna f\u00f6r just era<\/p>\n","protected":false},"author":1,"featured_media":0,"parent":0,"menu_order":0,"comment_status":"closed","ping_status":"closed","template":"","meta":{"footnotes":""},"class_list":["post-11","page","type-page","status-publish","hentry"],"_links":{"self":[{"href":"https:\/\/hafpark.se\/index.php?rest_route=\/wp\/v2\/pages\/11","targetHints":{"allow":["GET"]}}],"collection":[{"href":"https:\/\/hafpark.se\/index.php?rest_route=\/wp\/v2\/pages"}],"about":[{"href":"https:\/\/hafpark.se\/index.php?rest_route=\/wp\/v2\/types\/page"}],"author":[{"embeddable":true,"href":"https:\/\/hafpark.se\/index.php?rest_route=\/wp\/v2\/users\/1"}],"replies":[{"embeddable":true,"href":"https:\/\/hafpark.se\/index.php?rest_route=%2Fwp%2Fv2%2Fcomments&post=11"}],"version-history":[{"count":54,"href":"https:\/\/hafpark.se\/index.php?rest_route=\/wp\/v2\/pages\/11\/revisions"}],"predecessor-version":[{"id":563,"href":"https:\/\/hafpark.se\/index.php?rest_route=\/wp\/v2\/pages\/11\/revisions\/563"}],"wp:attachment":[{"href":"https:\/\/hafpark.se\/index.php?rest_route=%2Fwp%2Fv2%2Fmedia&parent=11"}],"curies":[{"name":"wp","href":"https:\/\/api.w.org\/{rel}","templated":true}]}}