{"id":15,"date":"2015-10-07T14:41:51","date_gmt":"2015-10-07T12:41:51","guid":{"rendered":"http:\/\/new.hafpark.se\/?page_id=15"},"modified":"2022-10-20T22:08:38","modified_gmt":"2022-10-20T20:08:38","slug":"home","status":"publish","type":"page","link":"https:\/\/hafpark.se\/?page_id=15&lang=en","title":{"rendered":"Home"},"content":{"rendered":"\n<p>&nbsp;<\/p>\n<h2>Much more than premises<\/h2>\n<p>Let your business flourish in the middle of Dalsland. In \u00c5sensbruk we have 36000 square meters of office spaces, workshop, industrial and storage. H\u00e5frestr\u00f6ms business park are now emerging and we are adapting the premises for your needs and desires.<\/p>\n<h2>A high environmental profile<\/h2>\n<p>We set high environmental values in the further development of the business park. We believe that the companies that are looking to the scenic environment of \u00c5sensbruk share values. In H\u00e5frestr\u00f6ms business park you can grow and furher develope \u2013 individually and together with other. We are a different property owner who believes in collaboration connects companies and support new fruitful ideas.<\/p>\n","protected":false},"excerpt":{"rendered":"<p>&nbsp; Much more than premises Let your business flourish in the middle of Dalsland. In \u00c5sensbruk we have 36000 square meters of office spaces, workshop, industrial and storage. H\u00e5frestr\u00f6ms business park are now emerging and we are adapting the premises<\/p>\n","protected":false},"author":1,"featured_media":0,"parent":0,"menu_order":0,"comment_status":"closed","ping_status":"closed","template":"","meta":{"footnotes":""},"class_list":["post-15","page","type-page","status-publish","hentry"],"_links":{"self":[{"href":"https:\/\/hafpark.se\/index.php?rest_route=\/wp\/v2\/pages\/15","targetHints":{"allow":["GET"]}}],"collection":[{"href":"https:\/\/hafpark.se\/index.php?rest_route=\/wp\/v2\/pages"}],"about":[{"href":"https:\/\/hafpark.se\/index.php?rest_route=\/wp\/v2\/types\/page"}],"author":[{"embeddable":true,"href":"https:\/\/hafpark.se\/index.php?rest_route=\/wp\/v2\/users\/1"}],"replies":[{"embeddable":true,"href":"https:\/\/hafpark.se\/index.php?rest_route=%2Fwp%2Fv2%2Fcomments&post=15"}],"version-history":[{"count":9,"href":"https:\/\/hafpark.se\/index.php?rest_route=\/wp\/v2\/pages\/15\/revisions"}],"predecessor-version":[{"id":317,"href":"https:\/\/hafpark.se\/index.php?rest_route=\/wp\/v2\/pages\/15\/revisions\/317"}],"wp:attachment":[{"href":"https:\/\/hafpark.se\/index.php?rest_route=%2Fwp%2Fv2%2Fmedia&parent=15"}],"curies":[{"name":"wp","href":"https:\/\/api.w.org\/{rel}","templated":true}]}}