{"id":33,"date":"2015-10-07T15:04:08","date_gmt":"2015-10-07T13:04:08","guid":{"rendered":"http:\/\/new.hafpark.se\/?page_id=33"},"modified":"2026-02-25T15:07:18","modified_gmt":"2026-02-25T14:07:18","slug":"om-oss","status":"publish","type":"page","link":"https:\/\/hafpark.se\/?page_id=33&lang=sv","title":{"rendered":"Om oss"},"content":{"rendered":"\t\t<div data-elementor-type=\"wp-page\" data-elementor-id=\"33\" class=\"elementor elementor-33\">\n\t\t\t\t\t\t<section class=\"elementor-section elementor-top-section elementor-element elementor-element-8053ea6 elementor-section-boxed elementor-section-height-default elementor-section-height-default\" data-id=\"8053ea6\" data-element_type=\"section\" data-e-type=\"section\">\n\t\t\t\t\t\t<div class=\"elementor-container elementor-column-gap-default\">\n\t\t\t\t\t<div class=\"elementor-column elementor-col-50 elementor-top-column elementor-element elementor-element-535a3c5\" data-id=\"535a3c5\" data-element_type=\"column\" data-e-type=\"column\">\n\t\t\t<div class=\"elementor-widget-wrap elementor-element-populated\">\n\t\t\t\t\t\t<div class=\"elementor-element elementor-element-f7eb069 elementor-widget elementor-widget-text-editor\" data-id=\"f7eb069\" data-element_type=\"widget\" data-e-type=\"widget\" data-widget_type=\"text-editor.default\">\n\t\t\t\t<div class=\"elementor-widget-container\">\n\t\t\t\t\t\t\t\t\t<h2>Nya f\u00f6retag i genuin milj\u00f6<\/h2><p><span style=\"color: #000000;\">Tidigare var H\u00e5frestr\u00f6ms F\u00f6retagspark AB ett pappersbruk inom Arctic Paper. Efter avvecklingen av papperstillverkningen erbjuder vi moderna och sp\u00e4nnande lokaler i en genuin milj\u00f6 med natursk\u00f6na omgivningar.<\/span><\/p><p><span style=\"color: #000000;\">Nu har vi fr\u00e4schat upp anl\u00e4ggningen f\u00f6r dagens och framtidens verksamheter. Det g\u00e4ller bland annat parken vid infarten, parkeringsplatsen samt systemen f\u00f6r uppv\u00e4rmning, bevakning och inpassering. H\u00e4r finns ocks\u00e5 v\u00e4lutrustade konferenslokaler och bredband med en kapacitet p\u00e5 250 GB.<\/span><\/p>\t\t\t\t\t\t\t\t<\/div>\n\t\t\t\t<\/div>\n\t\t\t\t\t<\/div>\n\t\t<\/div>\n\t\t\t\t<div class=\"elementor-column elementor-col-50 elementor-top-column elementor-element elementor-element-6a7423d\" data-id=\"6a7423d\" data-element_type=\"column\" data-e-type=\"column\">\n\t\t\t<div class=\"elementor-widget-wrap elementor-element-populated\">\n\t\t\t\t\t\t<div class=\"elementor-element elementor-element-ed91591 elementor-widget elementor-widget-image\" data-id=\"ed91591\" data-element_type=\"widget\" data-e-type=\"widget\" data-widget_type=\"image.default\">\n\t\t\t\t<div class=\"elementor-widget-container\">\n\t\t\t\t\t\t\t\t\t\t\t\t\t\t\t<img fetchpriority=\"high\" decoding=\"async\" width=\"750\" height=\"199\" src=\"https:\/\/hafpark.se\/wp-content\/uploads\/2015\/10\/3.jpg\" class=\"attachment-large size-large wp-image-140\" alt=\"\" srcset=\"https:\/\/hafpark.se\/wp-content\/uploads\/2015\/10\/3.jpg 940w, https:\/\/hafpark.se\/wp-content\/uploads\/2015\/10\/3-300x80.jpg 300w\" sizes=\"(max-width: 750px) 100vw, 750px\" \/>\t\t\t\t\t\t\t\t\t\t\t\t\t\t\t<\/div>\n\t\t\t\t<\/div>\n\t\t\t\t\t<\/div>\n\t\t<\/div>\n\t\t\t\t\t<\/div>\n\t\t<\/section>\n\t\t\t\t<section class=\"elementor-section elementor-top-section elementor-element elementor-element-9de20c1 elementor-section-boxed elementor-section-height-default elementor-section-height-default\" data-id=\"9de20c1\" data-element_type=\"section\" data-e-type=\"section\">\n\t\t\t\t\t\t<div class=\"elementor-container elementor-column-gap-default\">\n\t\t\t\t\t<div class=\"elementor-column elementor-col-50 elementor-top-column elementor-element elementor-element-f656283\" data-id=\"f656283\" data-element_type=\"column\" data-e-type=\"column\">\n\t\t\t<div class=\"elementor-widget-wrap elementor-element-populated\">\n\t\t\t\t\t\t<div class=\"elementor-element elementor-element-72e7c7a elementor-widget elementor-widget-image\" data-id=\"72e7c7a\" data-element_type=\"widget\" data-e-type=\"widget\" data-widget_type=\"image.default\">\n\t\t\t\t<div class=\"elementor-widget-container\">\n\t\t\t\t\t\t\t\t\t\t\t\t\t\t\t<img decoding=\"async\" width=\"750\" height=\"199\" data-src=\"https:\/\/hafpark.se\/wp-content\/uploads\/2015\/10\/4.jpg\" class=\"attachment-large size-large wp-image-62 lazyload\" alt=\"\" data-srcset=\"https:\/\/hafpark.se\/wp-content\/uploads\/2015\/10\/4.jpg 940w, https:\/\/hafpark.se\/wp-content\/uploads\/2015\/10\/4-300x80.jpg 300w\" data-sizes=\"(max-width: 750px) 100vw, 750px\" src=\"data:image\/svg+xml;base64,PHN2ZyB3aWR0aD0iMSIgaGVpZ2h0PSIxIiB4bWxucz0iaHR0cDovL3d3dy53My5vcmcvMjAwMC9zdmciPjwvc3ZnPg==\" style=\"--smush-placeholder-width: 750px; --smush-placeholder-aspect-ratio: 750\/199;\" \/>\t\t\t\t\t\t\t\t\t\t\t\t\t\t\t<\/div>\n\t\t\t\t<\/div>\n\t\t\t\t\t<\/div>\n\t\t<\/div>\n\t\t\t\t<div class=\"elementor-column elementor-col-50 elementor-top-column elementor-element elementor-element-7a9ea72\" data-id=\"7a9ea72\" data-element_type=\"column\" data-e-type=\"column\">\n\t\t\t<div class=\"elementor-widget-wrap elementor-element-populated\">\n\t\t\t\t\t\t<div class=\"elementor-element elementor-element-cb183cb elementor-widget elementor-widget-text-editor\" data-id=\"cb183cb\" data-element_type=\"widget\" data-e-type=\"widget\" data-widget_type=\"text-editor.default\">\n\t\t\t\t<div class=\"elementor-widget-container\">\n\t\t\t\t\t\t\t\t\t<h1>En h\u00f6g milj\u00f6profil<\/h1><p><span style=\"color: #000000;\">Vi s\u00e4tter milj\u00f6v\u00e4rden h\u00f6gt i den fortsatta utvecklingen av F\u00f6retagsparken. Vi tror att de f\u00f6retag som s\u00f6ker sig till den natursk\u00f6na milj\u00f6n i \u00c5sensbruk delar s\u00e5dana v\u00e4rderingar. I H\u00e5frestr\u00f6ms F\u00f6retagspark kan ni v\u00e4xa och vidareutvecklas \u2013 var f\u00f6r sig och tillsammans med andra. Vi \u00e4r en annorlunda hyresv\u00e4rd som tror p\u00e5 samverkan, kopplar samman f\u00f6retag och st\u00f6ttar nya, fruktbara id\u00e9er.<\/span><\/p>\t\t\t\t\t\t\t\t<\/div>\n\t\t\t\t<\/div>\n\t\t\t\t\t<\/div>\n\t\t<\/div>\n\t\t\t\t\t<\/div>\n\t\t<\/section>\n\t\t\t\t<section class=\"elementor-section elementor-top-section elementor-element elementor-element-4d38c61 elementor-section-boxed elementor-section-height-default elementor-section-height-default\" data-id=\"4d38c61\" data-element_type=\"section\" data-e-type=\"section\">\n\t\t\t\t\t\t<div class=\"elementor-container elementor-column-gap-default\">\n\t\t\t\t\t<div class=\"elementor-column elementor-col-100 elementor-top-column elementor-element elementor-element-ce28be3\" data-id=\"ce28be3\" data-element_type=\"column\" data-e-type=\"column\">\n\t\t\t<div class=\"elementor-widget-wrap elementor-element-populated\">\n\t\t\t\t\t\t<div class=\"elementor-element elementor-element-09f83c9 elementor-widget elementor-widget-spacer\" data-id=\"09f83c9\" data-element_type=\"widget\" data-e-type=\"widget\" data-widget_type=\"spacer.default\">\n\t\t\t\t<div class=\"elementor-widget-container\">\n\t\t\t\t\t\t\t<div class=\"elementor-spacer\">\n\t\t\t<div class=\"elementor-spacer-inner\"><\/div>\n\t\t<\/div>\n\t\t\t\t\t\t<\/div>\n\t\t\t\t<\/div>\n\t\t\t\t\t<\/div>\n\t\t<\/div>\n\t\t\t\t\t<\/div>\n\t\t<\/section>\n\t\t\t\t<section class=\"elementor-section elementor-top-section elementor-element elementor-element-09bfa67 elementor-section-boxed elementor-section-height-default elementor-section-height-default\" data-id=\"09bfa67\" data-element_type=\"section\" data-e-type=\"section\">\n\t\t\t\t\t\t<div class=\"elementor-container elementor-column-gap-default\">\n\t\t\t\t\t<div class=\"elementor-column elementor-col-100 elementor-top-column elementor-element elementor-element-a195a85\" data-id=\"a195a85\" data-element_type=\"column\" data-e-type=\"column\">\n\t\t\t<div class=\"elementor-widget-wrap elementor-element-populated\">\n\t\t\t\t\t\t<div class=\"elementor-element elementor-element-c0c6208 elementor-widget elementor-widget-text-editor\" data-id=\"c0c6208\" data-element_type=\"widget\" data-e-type=\"widget\" data-widget_type=\"text-editor.default\">\n\t\t\t\t<div class=\"elementor-widget-container\">\n\t\t\t\t\t\t\t\t\t<h1 style=\"text-align: center;\"><span style=\"color: #000000;\">Stolt samarbetspartner\u00a0<\/span><\/h1>\t\t\t\t\t\t\t\t<\/div>\n\t\t\t\t<\/div>\n\t\t\t\t\t<\/div>\n\t\t<\/div>\n\t\t\t\t\t<\/div>\n\t\t<\/section>\n\t\t\t\t<section class=\"elementor-section elementor-top-section elementor-element elementor-element-a2fe0a7 elementor-section-boxed elementor-section-height-default elementor-section-height-default\" data-id=\"a2fe0a7\" data-element_type=\"section\" data-e-type=\"section\">\n\t\t\t\t\t\t<div class=\"elementor-container elementor-column-gap-default\">\n\t\t\t\t\t<div class=\"elementor-column elementor-col-100 elementor-top-column elementor-element elementor-element-1e204fb\" data-id=\"1e204fb\" data-element_type=\"column\" data-e-type=\"column\">\n\t\t\t<div class=\"elementor-widget-wrap elementor-element-populated\">\n\t\t\t\t\t\t<div class=\"elementor-element elementor-element-4300442 elementor-widget elementor-widget-image\" data-id=\"4300442\" data-element_type=\"widget\" data-e-type=\"widget\" data-widget_type=\"image.default\">\n\t\t\t\t<div class=\"elementor-widget-container\">\n\t\t\t\t\t\t\t\t\t\t\t\t\t\t\t<img decoding=\"async\" width=\"150\" height=\"150\" data-src=\"https:\/\/hafpark.se\/wp-content\/uploads\/OfficiellPARTNER2026-vit-150x150.jpg\" class=\"attachment-thumbnail size-thumbnail wp-image-565 lazyload\" alt=\"\" data-srcset=\"https:\/\/hafpark.se\/wp-content\/uploads\/OfficiellPARTNER2026-vit-150x150.jpg 150w, https:\/\/hafpark.se\/wp-content\/uploads\/OfficiellPARTNER2026-vit-270x270.jpg 270w, https:\/\/hafpark.se\/wp-content\/uploads\/OfficiellPARTNER2026-vit-230x230.jpg 230w\" data-sizes=\"(max-width: 150px) 100vw, 150px\" src=\"data:image\/svg+xml;base64,PHN2ZyB3aWR0aD0iMSIgaGVpZ2h0PSIxIiB4bWxucz0iaHR0cDovL3d3dy53My5vcmcvMjAwMC9zdmciPjwvc3ZnPg==\" style=\"--smush-placeholder-width: 150px; --smush-placeholder-aspect-ratio: 150\/150;\" \/>\t\t\t\t\t\t\t\t\t\t\t\t\t\t\t<\/div>\n\t\t\t\t<\/div>\n\t\t\t\t\t<\/div>\n\t\t<\/div>\n\t\t\t\t\t<\/div>\n\t\t<\/section>\n\t\t\t\t<\/div>\n\t\t","protected":false},"excerpt":{"rendered":"<p>Nya f\u00f6retag i genuin milj\u00f6 Tidigare var H\u00e5frestr\u00f6ms F\u00f6retagspark AB ett pappersbruk inom Arctic Paper. Efter avvecklingen av papperstillverkningen erbjuder vi moderna och sp\u00e4nnande lokaler i en genuin milj\u00f6 med natursk\u00f6na omgivningar. Nu har vi fr\u00e4schat upp anl\u00e4ggningen f\u00f6r dagens<\/p>\n","protected":false},"author":1,"featured_media":0,"parent":0,"menu_order":0,"comment_status":"closed","ping_status":"closed","template":"","meta":{"footnotes":""},"class_list":["post-33","page","type-page","status-publish","hentry"],"_links":{"self":[{"href":"https:\/\/hafpark.se\/index.php?rest_route=\/wp\/v2\/pages\/33","targetHints":{"allow":["GET"]}}],"collection":[{"href":"https:\/\/hafpark.se\/index.php?rest_route=\/wp\/v2\/pages"}],"about":[{"href":"https:\/\/hafpark.se\/index.php?rest_route=\/wp\/v2\/types\/page"}],"author":[{"embeddable":true,"href":"https:\/\/hafpark.se\/index.php?rest_route=\/wp\/v2\/users\/1"}],"replies":[{"embeddable":true,"href":"https:\/\/hafpark.se\/index.php?rest_route=%2Fwp%2Fv2%2Fcomments&post=33"}],"version-history":[{"count":66,"href":"https:\/\/hafpark.se\/index.php?rest_route=\/wp\/v2\/pages\/33\/revisions"}],"predecessor-version":[{"id":568,"href":"https:\/\/hafpark.se\/index.php?rest_route=\/wp\/v2\/pages\/33\/revisions\/568"}],"wp:attachment":[{"href":"https:\/\/hafpark.se\/index.php?rest_route=%2Fwp%2Fv2%2Fmedia&parent=33"}],"curies":[{"name":"wp","href":"https:\/\/api.w.org\/{rel}","templated":true}]}}