{"id":35,"date":"2015-10-07T15:04:41","date_gmt":"2015-10-07T13:04:41","guid":{"rendered":"http:\/\/new.hafpark.se\/?page_id=35"},"modified":"2023-04-07T19:39:19","modified_gmt":"2023-04-07T17:39:19","slug":"kontakta-oss","status":"publish","type":"page","link":"https:\/\/hafpark.se\/?page_id=35&lang=sv","title":{"rendered":"Kontakta oss"},"content":{"rendered":"\t\t<div data-elementor-type=\"wp-page\" data-elementor-id=\"35\" class=\"elementor elementor-35\">\n\t\t\t\t\t\t<section class=\"elementor-section elementor-top-section elementor-element elementor-element-d6bd5c elementor-section-boxed elementor-section-height-default elementor-section-height-default\" data-id=\"d6bd5c\" data-element_type=\"section\" data-e-type=\"section\">\n\t\t\t\t\t\t<div class=\"elementor-container elementor-column-gap-default\">\n\t\t\t\t\t<div class=\"elementor-column elementor-col-100 elementor-top-column elementor-element elementor-element-6a143552\" data-id=\"6a143552\" data-element_type=\"column\" data-e-type=\"column\">\n\t\t\t<div class=\"elementor-widget-wrap elementor-element-populated\">\n\t\t\t\t\t\t<div class=\"elementor-element elementor-element-5838705f elementor-widget elementor-widget-text-editor\" data-id=\"5838705f\" data-element_type=\"widget\" data-e-type=\"widget\" data-widget_type=\"text-editor.default\">\n\t\t\t\t<div class=\"elementor-widget-container\">\n\t\t\t\t\t\t\t\t\t<p><strong><span style=\"color: #000000;\">Bes\u00f6ksadress: <\/span><\/strong><\/p><p><span style=\"color: #000000;\">Fabriksv\u00e4gen 15<\/span><\/p><p><span style=\"color: #000000;\">464 40 \u00c5sensbruk<\/span><\/p><p><span style=\"color: #000000;\">Telefon: 0530 &#8211; 365 00<\/span><\/p><p>\u00a0<\/p><p><span style=\"color: #000000;\"><strong>Marcus Kristoffersson<\/strong><\/span><br \/><span style=\"color: #000000;\">Platschef\/Ansvarig uthyrning<\/span><br \/><span style=\"color: #000000;\">Telefon: 0733 &#8211; 21 75 67<\/span><br \/><a href=\"mailto:marcus@hafpark.se\">marcus@hafpark.se<\/a><\/p><p><span style=\"color: #000000;\"><strong>Rune Johansen<\/strong><\/span><br \/><span style=\"color: #000000;\">Fastighetssk\u00f6tare<\/span><br \/><span style=\"color: #000000;\">Telefon: 0733 &#8211; 21 01 47<\/span><br \/><a href=\"mailto:rune@hafpark.se\">rune@hafpark.se<\/a><\/p><p><span style=\"color: #000000;\"><strong>Toni Lazarevski<\/strong><\/span><br \/><span style=\"color: #000000;\">VD<\/span><br \/><span style=\"color: #000000;\">Telefon: 0733 &#8211; 21 70 24<\/span><br \/><a href=\"mailto:toni@hafpark.se\">toni@hafpark.se<\/a><\/p>\t\t\t\t\t\t\t\t<\/div>\n\t\t\t\t<\/div>\n\t\t\t\t\t<\/div>\n\t\t<\/div>\n\t\t\t\t\t<\/div>\n\t\t<\/section>\n\t\t\t\t<\/div>\n\t\t","protected":false},"excerpt":{"rendered":"<p>Bes\u00f6ksadress: Fabriksv\u00e4gen 15 464 40 \u00c5sensbruk Telefon: 0530 &#8211; 365 00 \u00a0 Marcus KristofferssonPlatschef\/Ansvarig uthyrningTelefon: 0733 &#8211; 21 75 67marcus@hafpark.se Rune JohansenFastighetssk\u00f6tareTelefon: 0733 &#8211; 21 01 47rune@hafpark.se Toni LazarevskiVDTelefon: 0733 &#8211; 21 70 24toni@hafpark.se<\/p>\n","protected":false},"author":1,"featured_media":0,"parent":0,"menu_order":0,"comment_status":"closed","ping_status":"closed","template":"","meta":{"footnotes":""},"class_list":["post-35","page","type-page","status-publish","hentry"],"_links":{"self":[{"href":"https:\/\/hafpark.se\/index.php?rest_route=\/wp\/v2\/pages\/35","targetHints":{"allow":["GET"]}}],"collection":[{"href":"https:\/\/hafpark.se\/index.php?rest_route=\/wp\/v2\/pages"}],"about":[{"href":"https:\/\/hafpark.se\/index.php?rest_route=\/wp\/v2\/types\/page"}],"author":[{"embeddable":true,"href":"https:\/\/hafpark.se\/index.php?rest_route=\/wp\/v2\/users\/1"}],"replies":[{"embeddable":true,"href":"https:\/\/hafpark.se\/index.php?rest_route=%2Fwp%2Fv2%2Fcomments&post=35"}],"version-history":[{"count":28,"href":"https:\/\/hafpark.se\/index.php?rest_route=\/wp\/v2\/pages\/35\/revisions"}],"predecessor-version":[{"id":536,"href":"https:\/\/hafpark.se\/index.php?rest_route=\/wp\/v2\/pages\/35\/revisions\/536"}],"wp:attachment":[{"href":"https:\/\/hafpark.se\/index.php?rest_route=%2Fwp%2Fv2%2Fmedia&parent=35"}],"curies":[{"name":"wp","href":"https:\/\/api.w.org\/{rel}","templated":true}]}}