{"id":37,"date":"2015-10-07T15:05:24","date_gmt":"2015-10-07T13:05:24","guid":{"rendered":"http:\/\/new.hafpark.se\/?page_id=37"},"modified":"2015-10-09T10:05:44","modified_gmt":"2015-10-09T08:05:44","slug":"hitta-hit","status":"publish","type":"page","link":"https:\/\/hafpark.se\/?page_id=37&lang=sv","title":{"rendered":"Hitta hit"},"content":{"rendered":"<h1>Hitta r\u00e4tt till H\u00e5frestr\u00f6ms F\u00f6retagspark<\/h1>\n<p>\u00c5sensbruk ligger en dryg mil nordv\u00e4st om Mellerud i Dalsland. Det \u00e4r cirka fyra mil till V\u00e4nersborg, fem mil till \u00c5m\u00e5l och sex mil till Trollh\u00e4ttan.<\/p>\n<p>Europav\u00e4g 45 ligger i n\u00e4rheten och ett industrisp\u00e5r fr\u00e5n j\u00e4rnv\u00e4gen g\u00e5r rakt in i H\u00e5frestr\u00f6ms F\u00f6retagspark. N\u00e4rmaste flygplats finns i Trollh\u00e4ttan\/V\u00e4nersborg.<\/p>\n<p>Mer information om \u00c5sensbruk finns p\u00e5 <a href=\"http:\/\/www.mellerud.se\" target=\"_blank\">www.mellerud.se<\/a>. Du kan ocks\u00e5 ringa till Melleruds kommun ifall du har fr\u00e5gor om boende, utbildning, kommunikationer och liknande. Telefonnumret dit \u00e4r 0530-180 00.<\/p>\n<p>Klicka p\u00e5 kartan f\u00f6r att f\u00e5 upp den i ett nytt f\u00f6nster med Google Maps. D\u00e4r kan du f\u00e5 en v\u00e4gbeskrivning.<\/p>\n","protected":false},"excerpt":{"rendered":"<p>Hitta r\u00e4tt till H\u00e5frestr\u00f6ms F\u00f6retagspark \u00c5sensbruk ligger en dryg mil nordv\u00e4st om Mellerud i Dalsland. Det \u00e4r cirka fyra mil till V\u00e4nersborg, fem mil till \u00c5m\u00e5l och sex mil till Trollh\u00e4ttan. Europav\u00e4g 45 ligger i n\u00e4rheten och ett industrisp\u00e5r fr\u00e5n<\/p>\n","protected":false},"author":1,"featured_media":0,"parent":0,"menu_order":0,"comment_status":"closed","ping_status":"closed","template":"page-templates\/contact.php","meta":{"footnotes":""},"class_list":["post-37","page","type-page","status-publish","hentry"],"_links":{"self":[{"href":"https:\/\/hafpark.se\/index.php?rest_route=\/wp\/v2\/pages\/37","targetHints":{"allow":["GET"]}}],"collection":[{"href":"https:\/\/hafpark.se\/index.php?rest_route=\/wp\/v2\/pages"}],"about":[{"href":"https:\/\/hafpark.se\/index.php?rest_route=\/wp\/v2\/types\/page"}],"author":[{"embeddable":true,"href":"https:\/\/hafpark.se\/index.php?rest_route=\/wp\/v2\/users\/1"}],"replies":[{"embeddable":true,"href":"https:\/\/hafpark.se\/index.php?rest_route=%2Fwp%2Fv2%2Fcomments&post=37"}],"version-history":[{"count":3,"href":"https:\/\/hafpark.se\/index.php?rest_route=\/wp\/v2\/pages\/37\/revisions"}],"predecessor-version":[{"id":172,"href":"https:\/\/hafpark.se\/index.php?rest_route=\/wp\/v2\/pages\/37\/revisions\/172"}],"wp:attachment":[{"href":"https:\/\/hafpark.se\/index.php?rest_route=%2Fwp%2Fv2%2Fmedia&parent=37"}],"curies":[{"name":"wp","href":"https:\/\/api.w.org\/{rel}","templated":true}]}}