{"id":43,"date":"2015-10-07T15:09:21","date_gmt":"2015-10-07T13:09:21","guid":{"rendered":"http:\/\/new.hafpark.se\/?page_id=43"},"modified":"2015-10-09T09:50:07","modified_gmt":"2015-10-09T07:50:07","slug":"directions","status":"publish","type":"page","link":"https:\/\/hafpark.se\/?page_id=43&lang=en","title":{"rendered":"Directions"},"content":{"rendered":"<h2>Find the way to \u00c5sensbruk<\/h2>\n<p>\u00c5sensbruk is located just over 10 km northwest of Mellerud in Dalsland. It is approximately 50 km to \u00c5m\u00e5l and 60 km to Trollh\u00e4ttan.<br \/>\nE45 is nearby and an industrial track from railway runs right into H\u00e5frestr\u00f6ms business park.<\/p>\n<p>More information about \u00c5sensbruk available on <a href=\"http:\/\/www.mellerud.se\" target=\"_blank\">www.mellerud.se<\/a>. You can also call Mellerud Municipality if you have questions on housing, education, transportation and other similar things. Phone number to them is +46(0)530-180 00.<\/p>\n<p>Click on the map to get it up in a new window Google Maps. There you can get the driving directions.<\/p>\n","protected":false},"excerpt":{"rendered":"<p>Find the way to \u00c5sensbruk \u00c5sensbruk is located just over 10 km northwest of Mellerud in Dalsland. It is approximately 50 km to \u00c5m\u00e5l and 60 km to Trollh\u00e4ttan. E45 is nearby and an industrial track from railway runs right<\/p>\n","protected":false},"author":1,"featured_media":0,"parent":0,"menu_order":0,"comment_status":"closed","ping_status":"closed","template":"page-templates\/contact.php","meta":{"footnotes":""},"class_list":["post-43","page","type-page","status-publish","hentry"],"_links":{"self":[{"href":"https:\/\/hafpark.se\/index.php?rest_route=\/wp\/v2\/pages\/43","targetHints":{"allow":["GET"]}}],"collection":[{"href":"https:\/\/hafpark.se\/index.php?rest_route=\/wp\/v2\/pages"}],"about":[{"href":"https:\/\/hafpark.se\/index.php?rest_route=\/wp\/v2\/types\/page"}],"author":[{"embeddable":true,"href":"https:\/\/hafpark.se\/index.php?rest_route=\/wp\/v2\/users\/1"}],"replies":[{"embeddable":true,"href":"https:\/\/hafpark.se\/index.php?rest_route=%2Fwp%2Fv2%2Fcomments&post=43"}],"version-history":[{"count":3,"href":"https:\/\/hafpark.se\/index.php?rest_route=\/wp\/v2\/pages\/43\/revisions"}],"predecessor-version":[{"id":149,"href":"https:\/\/hafpark.se\/index.php?rest_route=\/wp\/v2\/pages\/43\/revisions\/149"}],"wp:attachment":[{"href":"https:\/\/hafpark.se\/index.php?rest_route=%2Fwp%2Fv2%2Fmedia&parent=43"}],"curies":[{"name":"wp","href":"https:\/\/api.w.org\/{rel}","templated":true}]}}