{"id":56,"date":"2015-10-08T10:06:51","date_gmt":"2015-10-08T08:06:51","guid":{"rendered":"http:\/\/new.hafpark.se\/?page_id=56"},"modified":"2022-11-17T20:46:04","modified_gmt":"2022-11-17T19:46:04","slug":"vara-hyresgaster","status":"publish","type":"page","link":"https:\/\/hafpark.se\/?page_id=56&lang=sv","title":{"rendered":"V\u00e5ra hyresg\u00e4ster"},"content":{"rendered":"\t\t<div data-elementor-type=\"wp-page\" data-elementor-id=\"56\" class=\"elementor elementor-56\">\n\t\t\t\t\t\t<section class=\"elementor-section elementor-top-section elementor-element elementor-element-3ebc2f00 elementor-section-boxed elementor-section-height-default elementor-section-height-default\" data-id=\"3ebc2f00\" data-element_type=\"section\" data-e-type=\"section\">\n\t\t\t\t\t\t<div class=\"elementor-container elementor-column-gap-default\">\n\t\t\t\t\t<div class=\"elementor-column elementor-col-100 elementor-top-column elementor-element elementor-element-4513fff7\" data-id=\"4513fff7\" data-element_type=\"column\" data-e-type=\"column\">\n\t\t\t<div class=\"elementor-widget-wrap elementor-element-populated\">\n\t\t\t\t\t\t<div class=\"elementor-element elementor-element-4d994104 elementor-widget elementor-widget-text-editor\" data-id=\"4d994104\" data-element_type=\"widget\" data-e-type=\"widget\" data-widget_type=\"text-editor.default\">\n\t\t\t\t<div class=\"elementor-widget-container\">\n\t\t\t\t\t\t\t\t\t<table style=\"height: 710px;\" border=\"0\" width=\"610\" cellspacing=\"10\" cellpadding=\"20\" align=\"center\"><tbody><tr><td><a href=\"http:\/\/hafpark.se\/wp-content\/uploads\/2013\/12\/Artinova.jpg\"><img decoding=\"async\" class=\"alignnone size-full wp-image-98 lazyload\" data-src=\"http:\/\/hafpark.se\/wp-content\/uploads\/2013\/12\/Artinova.jpg\" alt=\"Artinova\" width=\"240\" height=\"100\" src=\"data:image\/svg+xml;base64,PHN2ZyB3aWR0aD0iMSIgaGVpZ2h0PSIxIiB4bWxucz0iaHR0cDovL3d3dy53My5vcmcvMjAwMC9zdmciPjwvc3ZnPg==\" style=\"--smush-placeholder-width: 240px; --smush-placeholder-aspect-ratio: 240\/100;\" \/><\/a><\/td><td><a href=\"http:\/\/hafpark.se\/wp-content\/uploads\/2013\/12\/Vattenfall.jpg\"><img decoding=\"async\" class=\"alignnone size-full wp-image-107 lazyload\" data-src=\"http:\/\/hafpark.se\/wp-content\/uploads\/2013\/12\/Vattenfall.jpg\" alt=\"Vattenfall\" width=\"240\" height=\"100\" src=\"data:image\/svg+xml;base64,PHN2ZyB3aWR0aD0iMSIgaGVpZ2h0PSIxIiB4bWxucz0iaHR0cDovL3d3dy53My5vcmcvMjAwMC9zdmciPjwvc3ZnPg==\" style=\"--smush-placeholder-width: 240px; --smush-placeholder-aspect-ratio: 240\/100;\" \/><\/a><\/td><td><a href=\"http:\/\/hafpark.se\/wp-content\/uploads\/2013\/12\/enviro.jpg\"><img decoding=\"async\" class=\"alignnone size-full wp-image-100 lazyload\" data-src=\"http:\/\/hafpark.se\/wp-content\/uploads\/2013\/12\/enviro.jpg\" alt=\"enviro\" width=\"240\" height=\"100\" src=\"data:image\/svg+xml;base64,PHN2ZyB3aWR0aD0iMSIgaGVpZ2h0PSIxIiB4bWxucz0iaHR0cDovL3d3dy53My5vcmcvMjAwMC9zdmciPjwvc3ZnPg==\" style=\"--smush-placeholder-width: 240px; --smush-placeholder-aspect-ratio: 240\/100;\" \/><\/a><\/td><\/tr><tr><td><a href=\"http:\/\/hafpark.se\/wp-content\/uploads\/2013\/12\/VUX.jpg\"><img decoding=\"async\" class=\"alignnone size-full wp-image-109 lazyload\" data-src=\"http:\/\/hafpark.se\/wp-content\/uploads\/2013\/12\/VUX.jpg\" alt=\"VUX\" width=\"240\" height=\"100\" src=\"data:image\/svg+xml;base64,PHN2ZyB3aWR0aD0iMSIgaGVpZ2h0PSIxIiB4bWxucz0iaHR0cDovL3d3dy53My5vcmcvMjAwMC9zdmciPjwvc3ZnPg==\" style=\"--smush-placeholder-width: 240px; --smush-placeholder-aspect-ratio: 240\/100;\" \/><\/a><\/td><td><h4><em><strong><span style=\"color: #993300;\">D.T. Transport AB<\/span><\/strong><\/em><\/h4><\/td><td><a href=\"http:\/\/hafpark.se\/wp-content\/uploads\/2013\/12\/KullensMaterialhantering.jpg\"><img decoding=\"async\" class=\"size-full wp-image-102 aligncenter lazyload\" data-src=\"http:\/\/hafpark.se\/wp-content\/uploads\/2013\/12\/KullensMaterialhantering.jpg\" alt=\"KullensMaterialhantering\" width=\"210\" height=\"83\" src=\"data:image\/svg+xml;base64,PHN2ZyB3aWR0aD0iMSIgaGVpZ2h0PSIxIiB4bWxucz0iaHR0cDovL3d3dy53My5vcmcvMjAwMC9zdmciPjwvc3ZnPg==\" style=\"--smush-placeholder-width: 210px; --smush-placeholder-aspect-ratio: 210\/83;\" \/><\/a><\/td><\/tr><tr><td><a href=\"https:\/\/vpkgroup.com\/\"><img decoding=\"async\" class=\"alignleft wp-image-488 size-medium lazyload\" data-src=\"http:\/\/hafpark.se\/wp-content\/uploads\/vpklogoposrgb2x-300x198.png\" alt=\"\" width=\"300\" height=\"198\" data-srcset=\"https:\/\/hafpark.se\/wp-content\/uploads\/vpklogoposrgb2x-300x198.png 300w, https:\/\/hafpark.se\/wp-content\/uploads\/vpklogoposrgb2x-1024x676.png 1024w, https:\/\/hafpark.se\/wp-content\/uploads\/vpklogoposrgb2x-768x507.png 768w, https:\/\/hafpark.se\/wp-content\/uploads\/vpklogoposrgb2x-1536x1013.png 1536w, https:\/\/hafpark.se\/wp-content\/uploads\/vpklogoposrgb2x-2048x1351.png 2048w\" data-sizes=\"(max-width: 300px) 100vw, 300px\" src=\"data:image\/svg+xml;base64,PHN2ZyB3aWR0aD0iMSIgaGVpZ2h0PSIxIiB4bWxucz0iaHR0cDovL3d3dy53My5vcmcvMjAwMC9zdmciPjwvc3ZnPg==\" style=\"--smush-placeholder-width: 300px; --smush-placeholder-aspect-ratio: 300\/198;\" \/><\/a><\/td><td><a href=\"http:\/\/hafpark.se\/wp-content\/uploads\/2013\/12\/NARF.jpg\"><img decoding=\"async\" class=\"size-full wp-image-103 alignleft lazyload\" data-src=\"http:\/\/hafpark.se\/wp-content\/uploads\/2013\/12\/NARF.jpg\" alt=\"NARF\" width=\"240\" height=\"100\" src=\"data:image\/svg+xml;base64,PHN2ZyB3aWR0aD0iMSIgaGVpZ2h0PSIxIiB4bWxucz0iaHR0cDovL3d3dy53My5vcmcvMjAwMC9zdmciPjwvc3ZnPg==\" style=\"--smush-placeholder-width: 240px; --smush-placeholder-aspect-ratio: 240\/100;\" \/><\/a><\/td><td><a href=\"https:\/\/www.arcticpaper.com\/\"><img decoding=\"async\" class=\"aligncenter wp-image-444 size-full lazyload\" data-src=\"http:\/\/hafpark.se\/wp-content\/uploads\/AP.png\" alt=\"\" width=\"225\" height=\"225\" data-srcset=\"https:\/\/hafpark.se\/wp-content\/uploads\/AP.png 225w, https:\/\/hafpark.se\/wp-content\/uploads\/AP-150x150.png 150w\" data-sizes=\"(max-width: 225px) 100vw, 225px\" src=\"data:image\/svg+xml;base64,PHN2ZyB3aWR0aD0iMSIgaGVpZ2h0PSIxIiB4bWxucz0iaHR0cDovL3d3dy53My5vcmcvMjAwMC9zdmciPjwvc3ZnPg==\" style=\"--smush-placeholder-width: 225px; --smush-placeholder-aspect-ratio: 225\/225;\" \/><\/a><\/td><\/tr><tr><td><a href=\"https:\/\/seabirddata.com\/\"><img decoding=\"async\" class=\"alignnone wp-image-516 size-full lazyload\" data-src=\"http:\/\/hafpark.se\/wp-content\/uploads\/SDS-Logo-1.png\" alt=\"\" width=\"210\" height=\"167\" src=\"data:image\/svg+xml;base64,PHN2ZyB3aWR0aD0iMSIgaGVpZ2h0PSIxIiB4bWxucz0iaHR0cDovL3d3dy53My5vcmcvMjAwMC9zdmciPjwvc3ZnPg==\" style=\"--smush-placeholder-width: 210px; --smush-placeholder-aspect-ratio: 210\/167;\" \/><\/a><\/td><td>\u00a0<\/td><td>\u00a0<\/td><\/tr><\/tbody><\/table><p><\/p><\/div><\/div><\/div><\/div><\/div><\/section><\/div> <a href=\"https:\/\/hafpark.se\/?page_id=56&lang=sv#more-56\" class=\"more-link elementor-more-link\"><span aria-label=\"Forts\u00e4tt l\u00e4sa V\u00e5ra hyresg\u00e4ster\">(mer&hellip;)<\/span><\/a>","protected":false},"excerpt":{"rendered":"<p>D.T. Transport AB \u00a0 \u00a0<\/p>\n","protected":false},"author":1,"featured_media":0,"parent":0,"menu_order":0,"comment_status":"closed","ping_status":"closed","template":"","meta":{"footnotes":""},"class_list":["post-56","page","type-page","status-publish","hentry"],"_links":{"self":[{"href":"https:\/\/hafpark.se\/index.php?rest_route=\/wp\/v2\/pages\/56","targetHints":{"allow":["GET"]}}],"collection":[{"href":"https:\/\/hafpark.se\/index.php?rest_route=\/wp\/v2\/pages"}],"about":[{"href":"https:\/\/hafpark.se\/index.php?rest_route=\/wp\/v2\/types\/page"}],"author":[{"embeddable":true,"href":"https:\/\/hafpark.se\/index.php?rest_route=\/wp\/v2\/users\/1"}],"replies":[{"embeddable":true,"href":"https:\/\/hafpark.se\/index.php?rest_route=%2Fwp%2Fv2%2Fcomments&post=56"}],"version-history":[{"count":40,"href":"https:\/\/hafpark.se\/index.php?rest_route=\/wp\/v2\/pages\/56\/revisions"}],"predecessor-version":[{"id":522,"href":"https:\/\/hafpark.se\/index.php?rest_route=\/wp\/v2\/pages\/56\/revisions\/522"}],"wp:attachment":[{"href":"https:\/\/hafpark.se\/index.php?rest_route=%2Fwp%2Fv2%2Fmedia&parent=56"}],"curies":[{"name":"wp","href":"https:\/\/api.w.org\/{rel}","templated":true}]}}